{"id":1034,"date":"2026-04-14T16:54:59","date_gmt":"2026-04-14T14:54:59","guid":{"rendered":"https:\/\/gazetagorska.pttk.pl\/?page_id=1034"},"modified":"2026-04-14T16:54:59","modified_gmt":"2026-04-14T14:54:59","slug":"gazeta-gorska-nr-132-2025","status":"publish","type":"page","link":"https:\/\/gazetagorska.pttk.pl\/index.php\/gazeta-gorska-nr-132-2025\/","title":{"rendered":"Gazeta G\u00f3rska nr\u00a0132 2025"},"content":{"rendered":"\n<figure class=\"wp-block-image size-large\" id=\"block-55743330-2317-4d7d-ac66-aab36ca5e5a1\"><img loading=\"lazy\" decoding=\"async\" width=\"1024\" height=\"683\" src=\"https:\/\/gazetagorska.pttk.pl\/wp-content\/uploads\/2024\/07\/54836812493_8f7b1be1e6_o-m-1024x683.jpg\" alt=\"\" class=\"wp-image-1018\" srcset=\"https:\/\/gazetagorska.pttk.pl\/wp-content\/uploads\/2024\/07\/54836812493_8f7b1be1e6_o-m-1024x683.jpg 1024w, https:\/\/gazetagorska.pttk.pl\/wp-content\/uploads\/2024\/07\/54836812493_8f7b1be1e6_o-m-300x200.jpg 300w, https:\/\/gazetagorska.pttk.pl\/wp-content\/uploads\/2024\/07\/54836812493_8f7b1be1e6_o-m-768x512.jpg 768w, https:\/\/gazetagorska.pttk.pl\/wp-content\/uploads\/2024\/07\/54836812493_8f7b1be1e6_o-m-1536x1024.jpg 1536w, https:\/\/gazetagorska.pttk.pl\/wp-content\/uploads\/2024\/07\/54836812493_8f7b1be1e6_o-m.jpg 1920w\" sizes=\"auto, (max-width: 1024px) 100vw, 1024px\" \/><\/figure>\n\n\n\n<h3 class=\"wp-block-heading\" id=\"block-0051bfc6-2b1b-4e1a-bc2d-5cda53067db3\">Od redakcji<\/h3>\n\n\n\n<p id=\"block-99167873-4318-4615-b983-b12943acfea1\">G\u00f3ry zaskakuj\u0105! Niby oczywista rzecz, ale i tak zawsze zaskakuje nas to, \u017ce one zaskakuj\u0105. Wiadomo, \u017ce zmienia si\u0119<br>pogoda, wiadomo, \u017ce zima przychodzi kiedy indziej ni\u017c si\u0119 jej spodziewamy, wiadomo, \u017ce bywa r\u00f3\u017cnie, a jednak ci\u0105gle co\u015b nas zaskakuje. To troch\u0119 dobrze, a troch\u0119 nie bardzo. Gdy zaskoczenie budzi nasz zachwyt i motywuje do nowych odkry\u0107 w miejscach wydawa\u0142oby si\u0119 przewidywalnych, to \u015bwietnie! Gorzej, jak zaskocz\u0105 nas warunki, pogoda, trudno\u015b\u0107 terenu. Zaskoczy nas tak, \u017ce mo\u017cemy mie\u0107 problem, \u017ce mo\u017ce nam si\u0119 co\u015b sta\u0107 lub mo\u017cemy mie\u0107 w g\u00f3rach k\u0142opoty. Zatem dajmy si\u0119 g\u00f3rom zaskakiwa\u0107, ale b\u0105d\u017amy \u015bwiadomi i przygotowani, by nie da\u0107 si\u0119 zaskoczy\u0107, tam gdzie by\u015bmy tego nie chcieli. To teraz dajmy si\u0119 pozytywnie zaskoczy\u0107 g\u00f3rsk\u0105 lektur\u0105! Zapraszamy do Andaluzji, w Kaukaz i na Islandi\u0119! Co\u015b nowego w Sudetach i na S\u0142owacji \u2013 te\u017c polecamy do czytania! A czy maria\u017c krakowskiej tradycji z Beskidami jest mo\u017cliwy? Zaskoczymy Was? Tak! Jak najbardziej! I to w zupe\u0142nie nieoczywistej dziedzinie!<br>\u017byczymy zaskakuj\u0105cych zachwyt\u00f3w i nie \u017cyczymy zaskakuj\u0105cych problem\u00f3w w g\u00f3rach!<\/p>\n\n\n\n<figure class=\"wp-block-image size-large\" id=\"block-4524a194-a78c-4c52-9449-e01296d5bda9\"><img loading=\"lazy\" decoding=\"async\" width=\"716\" height=\"1024\" src=\"https:\/\/gazetagorska.pttk.pl\/wp-content\/uploads\/2024\/07\/GG132-okladka-DRUK-pol-716x1024.jpg\" alt=\"\" class=\"wp-image-1022\" srcset=\"https:\/\/gazetagorska.pttk.pl\/wp-content\/uploads\/2024\/07\/GG132-okladka-DRUK-pol-716x1024.jpg 716w, https:\/\/gazetagorska.pttk.pl\/wp-content\/uploads\/2024\/07\/GG132-okladka-DRUK-pol-210x300.jpg 210w, https:\/\/gazetagorska.pttk.pl\/wp-content\/uploads\/2024\/07\/GG132-okladka-DRUK-pol-768x1098.jpg 768w, https:\/\/gazetagorska.pttk.pl\/wp-content\/uploads\/2024\/07\/GG132-okladka-DRUK-pol-1074x1536.jpg 1074w, https:\/\/gazetagorska.pttk.pl\/wp-content\/uploads\/2024\/07\/GG132-okladka-DRUK-pol-1433x2048.jpg 1433w, https:\/\/gazetagorska.pttk.pl\/wp-content\/uploads\/2024\/07\/GG132-okladka-DRUK-pol-scaled.jpg 1791w\" sizes=\"auto, (max-width: 716px) 100vw, 716px\" \/><\/figure>\n\n\n\n<h3 class=\"wp-block-heading\" id=\"block-c9736b10-2952-4471-ad7e-9af0ab1fc11f\">W numerze<\/h3>\n\n\n\n<p id=\"block-efccf7f9-0382-46d0-af3b-d5b40cdaba35\">CO NOWEGO W G\u00d3RACH? 4<br>Szybko, kr\u00f3tko \u2013 Marcin Bojarski, Raptularz G\u00f3rski \u2013 Janusz Konieczniak<\/p>\n\n\n\n<p>G\u00d3RY ZA MIEDZ\u0104 S\u0104SIADA 8<br>Vajont beton silniejszy ni\u017c ska\u0142a \u2013 Jacek P\u0142onczy\u0144ski<\/p>\n\n\n\n<p>G\u00d3RY I LUDZIE 18 Pejza\u017ce g\u00f3rskie w tw\u00f3rczo\u015bci Kazimierza Stabrowskiego \u2013 Ma\u0142gorzata Bednorz<\/p>\n\n\n\n<p>DZIEJE SI\u0118 WOK\u00d3\u0141 G\u00d3R 28<br>Przewodnicka Szopka Krakowska \u2013 Anna Kryszczak<\/p>\n\n\n\n<p>S\u0141OWACKI SPACER 36<br>Kto gejzer, a kto opale? \u2013 Miros\u0142aw J. Bara\u0144ski<\/p>\n\n\n\n<p>G\u00d3RY NAJBLI\u017bSZE 46<br>Bieszczady nieoczywiste \u2013 Wojciech Szatkowski<\/p>\n\n\n\n<p>G\u00d3RY I HISTORIA 52 <br>Zamek Karpie\u0144 w G\u00f3rach Z\u0142otych \u2013 Tomasz Rzeczycki<\/p>\n\n\n\n<p>G\u00d3RY ZA MIEDZ\u0104 58<br>Polowanie na zorz\u0119 polarn\u0105. Islandia \u2013 Micha\u0142 Grabowski<\/p>\n\n\n\n<p>G\u00d3RY DALEKIE 68<br>Na Szlaku Transkaukaskim \u2013 Katarzyna \u0141opuszy\u0144ska<\/p>\n\n\n\n<p>G\u00d3RY ZA MIEDZ\u0104 S\u0104SIADA 82 <br>Pie\u015b\u0144 lodu i ognia. Andaluzyjska lekcja pokory \u2013 Olena Bondarenko<\/p>\n\n\n\n<h3 class=\"wp-block-heading\"><strong><a href=\"https:\/\/sklepcotg.pttk.pl\/pl\/c\/Gazeta-Gorska\/43\/1\/default\/11\" data-type=\"link\" data-id=\"https:\/\/sklepcotg.pttk.pl\/pl\/c\/Gazeta-Gorska\/43\/1\/default\/11\">Zam\u00f3w ten numer<\/a><\/strong><\/h3>\n\n\n\n<p><\/p>\n","protected":false},"excerpt":{"rendered":"<p>Od redakcji G\u00f3ry zaskakuj\u0105! Niby oczywista rzecz, ale i tak zawsze zaskakuje nas to, \u017ce one zaskakuj\u0105. Wiadomo, \u017ce zmienia si\u0119pogoda, wiadomo, \u017ce zima przychodzi kiedy indziej ni\u017c si\u0119 jej spodziewamy, wiadomo, \u017ce bywa r\u00f3\u017cnie, a jednak ci\u0105gle co\u015b nas zaskakuje. To troch\u0119 dobrze, a troch\u0119 nie bardzo. Gdy zaskoczenie budzi nasz zachwyt i motywuje [&hellip;]<\/p>\n","protected":false},"author":3,"featured_media":0,"parent":0,"menu_order":0,"comment_status":"closed","ping_status":"closed","template":"","meta":{"footnotes":""},"class_list":["post-1034","page","type-page","status-publish","hentry"],"_links":{"self":[{"href":"https:\/\/gazetagorska.pttk.pl\/index.php\/wp-json\/wp\/v2\/pages\/1034","targetHints":{"allow":["GET"]}}],"collection":[{"href":"https:\/\/gazetagorska.pttk.pl\/index.php\/wp-json\/wp\/v2\/pages"}],"about":[{"href":"https:\/\/gazetagorska.pttk.pl\/index.php\/wp-json\/wp\/v2\/types\/page"}],"author":[{"embeddable":true,"href":"https:\/\/gazetagorska.pttk.pl\/index.php\/wp-json\/wp\/v2\/users\/3"}],"replies":[{"embeddable":true,"href":"https:\/\/gazetagorska.pttk.pl\/index.php\/wp-json\/wp\/v2\/comments?post=1034"}],"version-history":[{"count":1,"href":"https:\/\/gazetagorska.pttk.pl\/index.php\/wp-json\/wp\/v2\/pages\/1034\/revisions"}],"predecessor-version":[{"id":1035,"href":"https:\/\/gazetagorska.pttk.pl\/index.php\/wp-json\/wp\/v2\/pages\/1034\/revisions\/1035"}],"wp:attachment":[{"href":"https:\/\/gazetagorska.pttk.pl\/index.php\/wp-json\/wp\/v2\/media?parent=1034"}],"curies":[{"name":"wp","href":"https:\/\/api.w.org\/{rel}","templated":true}]}}