{"id":257,"date":"2024-07-09T12:25:09","date_gmt":"2024-07-09T10:25:09","guid":{"rendered":"https:\/\/gazetagorska.pttk.pl\/?page_id=257"},"modified":"2024-07-11T13:27:42","modified_gmt":"2024-07-11T11:27:42","slug":"o-gazecie-gorskiej","status":"publish","type":"page","link":"https:\/\/gazetagorska.pttk.pl\/index.php\/o-gazecie-gorskiej\/","title":{"rendered":"O Gazecie G\u00f3rskiej"},"content":{"rendered":"\n<figure class=\"wp-block-image size-full\"><a href=\"https:\/\/gazetagorska.pttk.pl\/\"><img loading=\"lazy\" decoding=\"async\" width=\"2427\" height=\"1256\" src=\"https:\/\/gazetagorska.pttk.pl\/wp-content\/uploads\/2024\/07\/O-GG-1-66-wiosna-2009-winieta.jpg\" alt=\"\" class=\"wp-image-611\" srcset=\"https:\/\/gazetagorska.pttk.pl\/wp-content\/uploads\/2024\/07\/O-GG-1-66-wiosna-2009-winieta.jpg 2427w, https:\/\/gazetagorska.pttk.pl\/wp-content\/uploads\/2024\/07\/O-GG-1-66-wiosna-2009-winieta-300x155.jpg 300w, https:\/\/gazetagorska.pttk.pl\/wp-content\/uploads\/2024\/07\/O-GG-1-66-wiosna-2009-winieta-1024x530.jpg 1024w, https:\/\/gazetagorska.pttk.pl\/wp-content\/uploads\/2024\/07\/O-GG-1-66-wiosna-2009-winieta-768x397.jpg 768w, https:\/\/gazetagorska.pttk.pl\/wp-content\/uploads\/2024\/07\/O-GG-1-66-wiosna-2009-winieta-1536x795.jpg 1536w, https:\/\/gazetagorska.pttk.pl\/wp-content\/uploads\/2024\/07\/O-GG-1-66-wiosna-2009-winieta-2048x1060.jpg 2048w\" sizes=\"auto, (max-width: 2427px) 100vw, 2427px\" \/><\/a><\/figure>\n\n\n\n<p><br><strong>Gazeta G\u00f3rska\u00a0to kwartalnik o g\u00f3rach wydawany przez Centralny O\u015brodek Turystyki G\u00f3rskiej\u00a0Polskiego Towarzystwa Turystyczno-Krajoznawczego\u00a0w\u00a0Krakowie\u00a0od 1993 roku. Pomys\u0142odawc\u0105, za\u0142o\u017cycielem i pierwszym redaktorem pisma by\u0142\u00a0Edward Moska\u0142a. Od 1996 do ko\u0144ca 2008 roku redaktorem naczelnym by\u0142 Zbigniew Kresek. <\/strong><\/p>\n\n\n\n<p>Historia powstania i dzia\u0142ania Gazety G\u00f3rskiej zosta\u0142a opisana przez Zbigniewa Kreska w artykule, kt\u00f3ry ukaza\u0142 si\u0119 na jej \u0142amach w wiosennym numerze z 2009 roku nr 1(66):<\/p>\n\n\n\n<p><em>Pierwszy numer Gazety G\u00f3rskiej ujrza\u0142 \u015bwiat\u0142o dzienne w maju 1993 roku. Tak si\u0119 z\u0142o\u017cy\u0142o, \u017ce by\u0142em autorem artyku\u0142u wst\u0119pnego pt. Centralny O\u015brodek Turystyki G\u00f3rskiej PTTK w Krakowie. Zaopatrzy\u0142em go nadtytu\u0142em Wszystko o g\u00f3rach &#8211; wszystko dla g\u00f3r. Od tego czasu zdanie to sta\u0142o si\u0119 has\u0142em programowym COTG, od drugiego numeru jest cz\u0119\u015bci\u0105 winiety tytu\u0142owej Gazety, umieszczone takie zosta\u0142o na \u015bcianie sali konferencyjnej O\u015brodka. W styczniu 1996 roku, z woli cz\u0142onk\u00f3w zespo\u0142u redakcyjnego zosta\u0142em redaktorem naczelnym i by\u0142em nim trzyna\u015bcie lat, do ko\u0144ca 2008 roku i sze\u015b\u0107dziesi\u0105tego pi\u0105tego numeru pisma.<\/em>..<\/p>\n\n\n\n<div class=\"wp-block-buttons is-layout-flex wp-block-buttons-is-layout-flex\">\n<div class=\"wp-block-button\"><a class=\"wp-block-button__link wp-element-button\" href=\"https:\/\/drive.google.com\/file\/d\/15jwX2wNkWCQLby-6iVCXdC4oHpkheodP\/view?usp=drive_link\" target=\"_blank\" rel=\"noreferrer noopener\">Czytaj ca\u0142y artyku\u0142<\/a><\/div>\n<\/div>\n\n\n\n<p><\/p>\n\n\n\n<figure class=\"wp-block-gallery has-nested-images columns-default is-cropped wp-block-gallery-1 is-layout-flex wp-block-gallery-is-layout-flex\">\n<figure class=\"wp-block-image size-large\"><a href=\"https:\/\/drive.google.com\/file\/d\/15jwX2wNkWCQLby-6iVCXdC4oHpkheodP\/view?usp=drive_link\" target=\"_blank\" rel=\"noreferrer noopener\"><img loading=\"lazy\" decoding=\"async\" width=\"1024\" height=\"724\" data-id=\"615\" src=\"https:\/\/gazetagorska.pttk.pl\/wp-content\/uploads\/2024\/07\/O-GG-1-66-wiosna-2009-m-1024x724.jpg\" alt=\"\" class=\"wp-image-615\" srcset=\"https:\/\/gazetagorska.pttk.pl\/wp-content\/uploads\/2024\/07\/O-GG-1-66-wiosna-2009-m-1024x724.jpg 1024w, https:\/\/gazetagorska.pttk.pl\/wp-content\/uploads\/2024\/07\/O-GG-1-66-wiosna-2009-m-300x212.jpg 300w, https:\/\/gazetagorska.pttk.pl\/wp-content\/uploads\/2024\/07\/O-GG-1-66-wiosna-2009-m-768x543.jpg 768w, https:\/\/gazetagorska.pttk.pl\/wp-content\/uploads\/2024\/07\/O-GG-1-66-wiosna-2009-m-1536x1086.jpg 1536w, https:\/\/gazetagorska.pttk.pl\/wp-content\/uploads\/2024\/07\/O-GG-1-66-wiosna-2009-m.jpg 1920w\" sizes=\"auto, (max-width: 1024px) 100vw, 1024px\" \/><\/a><\/figure>\n\n\n\n<figure class=\"wp-block-image size-large\"><a href=\"https:\/\/drive.google.com\/file\/d\/15jwX2wNkWCQLby-6iVCXdC4oHpkheodP\/view?usp=drive_link\" target=\"_blank\" rel=\"noreferrer noopener\"><img loading=\"lazy\" decoding=\"async\" width=\"1024\" height=\"724\" data-id=\"617\" src=\"https:\/\/gazetagorska.pttk.pl\/wp-content\/uploads\/2024\/07\/O-GG-1-66-wiosna-20092-m-1024x724.jpg\" alt=\"\" class=\"wp-image-617\" srcset=\"https:\/\/gazetagorska.pttk.pl\/wp-content\/uploads\/2024\/07\/O-GG-1-66-wiosna-20092-m-1024x724.jpg 1024w, https:\/\/gazetagorska.pttk.pl\/wp-content\/uploads\/2024\/07\/O-GG-1-66-wiosna-20092-m-300x212.jpg 300w, https:\/\/gazetagorska.pttk.pl\/wp-content\/uploads\/2024\/07\/O-GG-1-66-wiosna-20092-m-768x543.jpg 768w, https:\/\/gazetagorska.pttk.pl\/wp-content\/uploads\/2024\/07\/O-GG-1-66-wiosna-20092-m-1536x1086.jpg 1536w, https:\/\/gazetagorska.pttk.pl\/wp-content\/uploads\/2024\/07\/O-GG-1-66-wiosna-20092-m.jpg 1920w\" sizes=\"auto, (max-width: 1024px) 100vw, 1024px\" \/><\/a><\/figure>\n<\/figure>\n","protected":false},"excerpt":{"rendered":"<p>Gazeta G\u00f3rska\u00a0to kwartalnik o g\u00f3rach wydawany przez Centralny O\u015brodek Turystyki G\u00f3rskiej\u00a0Polskiego Towarzystwa Turystyczno-Krajoznawczego\u00a0w\u00a0Krakowie\u00a0od 1993 roku. Pomys\u0142odawc\u0105, za\u0142o\u017cycielem i pierwszym redaktorem pisma by\u0142\u00a0Edward Moska\u0142a. Od 1996 do ko\u0144ca 2008 roku redaktorem naczelnym by\u0142 Zbigniew Kresek. Historia powstania i dzia\u0142ania Gazety G\u00f3rskiej zosta\u0142a opisana przez Zbigniewa Kreska w artykule, kt\u00f3ry ukaza\u0142 si\u0119 na jej \u0142amach w wiosennym [&hellip;]<\/p>\n","protected":false},"author":3,"featured_media":0,"parent":0,"menu_order":0,"comment_status":"closed","ping_status":"closed","template":"","meta":{"footnotes":""},"class_list":["post-257","page","type-page","status-publish","hentry"],"_links":{"self":[{"href":"https:\/\/gazetagorska.pttk.pl\/index.php\/wp-json\/wp\/v2\/pages\/257","targetHints":{"allow":["GET"]}}],"collection":[{"href":"https:\/\/gazetagorska.pttk.pl\/index.php\/wp-json\/wp\/v2\/pages"}],"about":[{"href":"https:\/\/gazetagorska.pttk.pl\/index.php\/wp-json\/wp\/v2\/types\/page"}],"author":[{"embeddable":true,"href":"https:\/\/gazetagorska.pttk.pl\/index.php\/wp-json\/wp\/v2\/users\/3"}],"replies":[{"embeddable":true,"href":"https:\/\/gazetagorska.pttk.pl\/index.php\/wp-json\/wp\/v2\/comments?post=257"}],"version-history":[{"count":9,"href":"https:\/\/gazetagorska.pttk.pl\/index.php\/wp-json\/wp\/v2\/pages\/257\/revisions"}],"predecessor-version":[{"id":627,"href":"https:\/\/gazetagorska.pttk.pl\/index.php\/wp-json\/wp\/v2\/pages\/257\/revisions\/627"}],"wp:attachment":[{"href":"https:\/\/gazetagorska.pttk.pl\/index.php\/wp-json\/wp\/v2\/media?parent=257"}],"curies":[{"name":"wp","href":"https:\/\/api.w.org\/{rel}","templated":true}]}}