{"id":279,"date":"2024-07-09T12:36:05","date_gmt":"2024-07-09T10:36:05","guid":{"rendered":"https:\/\/gazetagorska.pttk.pl\/?page_id=279"},"modified":"2025-05-15T17:47:44","modified_gmt":"2025-05-15T15:47:44","slug":"prenumerata","status":"publish","type":"page","link":"https:\/\/gazetagorska.pttk.pl\/index.php\/prenumerata\/","title":{"rendered":"Prenumerata"},"content":{"rendered":"\n<figure class=\"wp-block-image size-full\"><a href=\"https:\/\/gazetagorska.pttk.pl\/\"><img loading=\"lazy\" decoding=\"async\" width=\"600\" height=\"286\" src=\"https:\/\/gazetagorska.pttk.pl\/wp-content\/uploads\/2024\/07\/LOGO-gg-NOWAa.jpg\" alt=\"\" class=\"wp-image-147\" srcset=\"https:\/\/gazetagorska.pttk.pl\/wp-content\/uploads\/2024\/07\/LOGO-gg-NOWAa.jpg 600w, https:\/\/gazetagorska.pttk.pl\/wp-content\/uploads\/2024\/07\/LOGO-gg-NOWAa-300x143.jpg 300w\" sizes=\"auto, (max-width: 600px) 100vw, 600px\" \/><\/a><\/figure>\n\n\n\n<ul class=\"wp-block-list\">\n<li>prenumerata obejmuje cztery kolejne numery,<\/li>\n\n\n\n<li>cena jednego numeru w prenumeracie wynosi 15,00 z\u0142, wysy\u0142ka gratis,<\/li>\n<\/ul>\n\n\n\n<p class=\"has-text-align-center\"><strong><a href=\"https:\/\/cotgsklep.pttk.pl\/21-gazeta-gorska\" data-type=\"link\" data-id=\"https:\/\/cotgsklep.pttk.pl\/21-gazeta-gorska\">ZAM\u00d3W PRENUMERAT\u0118 ONLINE <br>KLIKNIJ TUTAJ<\/a><\/strong><\/p>\n\n\n\n<ul class=\"wp-block-list\">\n<li>prenumerat\u0119 mo\u017cna te\u017c zamawia\u0107 mailowo, pisz\u0105c na adres <strong>poczta@cotg.pttk.pl<\/strong>,<br>w odpowiedzi na zam\u00f3wienie zostanie wys\u0142any mail ze szczeg\u00f3\u0142ami p\u0142atno\u015bci,<\/li>\n\n\n\n<li>przy wi\u0119kszych zam\u00f3wieniach rabaty!<\/li>\n<\/ul>\n\n\n\n<p><\/p>\n","protected":false},"excerpt":{"rendered":"<p>ZAM\u00d3W PRENUMERAT\u0118 ONLINE KLIKNIJ TUTAJ<\/p>\n","protected":false},"author":3,"featured_media":0,"parent":0,"menu_order":0,"comment_status":"closed","ping_status":"closed","template":"","meta":{"footnotes":""},"class_list":["post-279","page","type-page","status-publish","hentry"],"_links":{"self":[{"href":"https:\/\/gazetagorska.pttk.pl\/index.php\/wp-json\/wp\/v2\/pages\/279","targetHints":{"allow":["GET"]}}],"collection":[{"href":"https:\/\/gazetagorska.pttk.pl\/index.php\/wp-json\/wp\/v2\/pages"}],"about":[{"href":"https:\/\/gazetagorska.pttk.pl\/index.php\/wp-json\/wp\/v2\/types\/page"}],"author":[{"embeddable":true,"href":"https:\/\/gazetagorska.pttk.pl\/index.php\/wp-json\/wp\/v2\/users\/3"}],"replies":[{"embeddable":true,"href":"https:\/\/gazetagorska.pttk.pl\/index.php\/wp-json\/wp\/v2\/comments?post=279"}],"version-history":[{"count":12,"href":"https:\/\/gazetagorska.pttk.pl\/index.php\/wp-json\/wp\/v2\/pages\/279\/revisions"}],"predecessor-version":[{"id":977,"href":"https:\/\/gazetagorska.pttk.pl\/index.php\/wp-json\/wp\/v2\/pages\/279\/revisions\/977"}],"wp:attachment":[{"href":"https:\/\/gazetagorska.pttk.pl\/index.php\/wp-json\/wp\/v2\/media?parent=279"}],"curies":[{"name":"wp","href":"https:\/\/api.w.org\/{rel}","templated":true}]}}