{"id":849,"date":"2024-12-17T14:40:05","date_gmt":"2024-12-17T13:40:05","guid":{"rendered":"https:\/\/gazetagorska.pttk.pl\/?page_id=849"},"modified":"2024-12-17T14:40:05","modified_gmt":"2024-12-17T13:40:05","slug":"gazeta-gorska-nr-127-2024","status":"publish","type":"page","link":"https:\/\/gazetagorska.pttk.pl\/index.php\/gazeta-gorska-nr-127-2024\/","title":{"rendered":"Gazeta G\u00f3rska nr\u00a0127 2024"},"content":{"rendered":"\n<figure class=\"wp-block-image size-large\" id=\"block-c0746adf-2704-4b3c-9f93-2697b60714d3\"><img loading=\"lazy\" decoding=\"async\" width=\"1024\" height=\"683\" src=\"https:\/\/gazetagorska.pttk.pl\/wp-content\/uploads\/2024\/07\/9788379673056-1024x683.jpg\" alt=\"\" class=\"wp-image-813\" srcset=\"https:\/\/gazetagorska.pttk.pl\/wp-content\/uploads\/2024\/07\/9788379673056-1024x683.jpg 1024w, https:\/\/gazetagorska.pttk.pl\/wp-content\/uploads\/2024\/07\/9788379673056-300x200.jpg 300w, https:\/\/gazetagorska.pttk.pl\/wp-content\/uploads\/2024\/07\/9788379673056-768x512.jpg 768w, https:\/\/gazetagorska.pttk.pl\/wp-content\/uploads\/2024\/07\/9788379673056-1536x1024.jpg 1536w, https:\/\/gazetagorska.pttk.pl\/wp-content\/uploads\/2024\/07\/9788379673056.jpg 1920w\" sizes=\"auto, (max-width: 1024px) 100vw, 1024px\" \/><\/figure>\n\n\n\n<h3 class=\"wp-block-heading\" id=\"block-48759d5e-90f4-400a-a78e-b5337b2f8d37\">Od redakcji<\/h3>\n\n\n\n<p id=\"block-ca89dec7-d214-483c-86ae-4fb49a0d6423\">Mg\u0142a. Mg\u0142a w g\u00f3rach bywa z\u0142a. Wi\u0105\u017ce si\u0119 zazwyczaj ze z\u0142a pogod\u0105, deszczem, wilgoci\u0105, wiatrem. Ogranicza widoczno\u015b\u0107, zas\u0142ania pi\u0119kne panoramy, bardzo utrudnia orientacj\u0119 w terenie. Ale czasem mg\u0142a jest \u0142askawa, bywa pi\u0119kna, po prostu spektakularnie przewala si\u0119 przez grzbiet, snuje si\u0119 po lesie, unosi na \u0142\u0105k\u0105 i daje niesamowity spektakl wraz z tajemniczym \u015bwiat\u0142em pr\u00f3buj\u0105cym si\u0119 wedrze\u0107 w mglist\u0105 przestrze\u0144. Wtedy \u2013 cudo! B\u0142ogo\u015b\u0107, ciep\u0142o i spok\u00f3j. Od przekle\u0144stwa po zachwyt. Jak to w g\u00f3rach\u2026 Na naszych \u0142amach staramy si\u0119 pokazywa\u0107 g\u00f3ry od tej pi\u0119kniejszej strony, cho\u0107 ich czasami srogi charakter te\u017c gdzie\u015b tu si\u0119 pojawia, Ku przestrodze, dla wspomnienia\u2026 Wybierzmy si\u0119 zatem w g\u00f3ry! Odkryjmy archeologiczne skarby Tienszanu, zagl\u0105dnijmy do Ziele\u0144ca, na rumu\u0144sk\u0105 Bukowin\u0119 do polskich wiosek, w zakamarki g\u00f3r ukrai\u0144skich i do Genewy.<br>Poczytajmy o g\u00f3rach! Kilka ciekawych, ksi\u0105\u017ckowych propozycji polecamy uwadze. A po lekturze chod\u017amy w g\u00f3ry!<\/p>\n\n\n\n<p id=\"block-ca89dec7-d214-483c-86ae-4fb49a0d6423\"><\/p>\n\n\n\n<figure class=\"wp-block-image size-large\" id=\"block-3f6aa924-7571-4a84-9fb6-0673b01acfa2\"><img loading=\"lazy\" decoding=\"async\" width=\"723\" height=\"1024\" src=\"https:\/\/gazetagorska.pttk.pl\/wp-content\/uploads\/2024\/07\/GG127-okladka-DRUK-pol-723x1024.jpg\" alt=\"\" class=\"wp-image-815\" srcset=\"https:\/\/gazetagorska.pttk.pl\/wp-content\/uploads\/2024\/07\/GG127-okladka-DRUK-pol-723x1024.jpg 723w, https:\/\/gazetagorska.pttk.pl\/wp-content\/uploads\/2024\/07\/GG127-okladka-DRUK-pol-212x300.jpg 212w, https:\/\/gazetagorska.pttk.pl\/wp-content\/uploads\/2024\/07\/GG127-okladka-DRUK-pol-768x1088.jpg 768w, https:\/\/gazetagorska.pttk.pl\/wp-content\/uploads\/2024\/07\/GG127-okladka-DRUK-pol-1084x1536.jpg 1084w, https:\/\/gazetagorska.pttk.pl\/wp-content\/uploads\/2024\/07\/GG127-okladka-DRUK-pol-1446x2048.jpg 1446w, https:\/\/gazetagorska.pttk.pl\/wp-content\/uploads\/2024\/07\/GG127-okladka-DRUK-pol-scaled.jpg 1807w\" sizes=\"auto, (max-width: 723px) 100vw, 723px\" \/><\/figure>\n\n\n\n<h3 class=\"wp-block-heading\" id=\"block-2cb1c86e-83da-480a-a1b8-0ba3d8c95adf\">W numerze<\/h3>\n\n\n\n<p id=\"block-ca1e0259-66f8-4113-9f56-90cb9a31872b\">CO NOWEGO W G\u00d3RACH? 4<br>Szybko, kr\u00f3tko \u2013 Marcin Bojarski, Raptularz G\u00f3rski \u2013 Janusz Konieczniak<\/p>\n\n\n\n<p>G\u00d3RY ZA MIEDZ\u0104 S\u0104SIADA 8<br>Bia\u0142e G\u00f3ry, czyli o przygodzie, przyja\u017ani i \u015bmierci, cz. 2 \u2013 Jacek P\u0142onczy\u0144ski<\/p>\n\n\n\n<p>G\u00d3RY NAJBLI\u017bSZE 20<br>Pocz\u0105tki polskiej turystyki i narciarstwa w Ziele\u0144cu \u2013 Tomasz Rzeczycki<\/p>\n\n\n\n<p>G\u00d3RY I SZTUKA 26<br>Zjawiskowe, Bo\u015bkocowe Panienki Baraniog\u00f3rskie \u2013 Ryszard M. Remiszewski<\/p>\n\n\n\n<p>G\u00d3RY ZA MIEDZ\u0104 32<br>K\u00f6nigsfeld \u2013 per\u0142a z cesarskiej korony \u2013 Olena Bondarenko<\/p>\n\n\n\n<p>G\u00d3RY ZA MIEDZ\u0104 40<br>Sal\u00e8ve \u2013 \u201ebalkon\u201d Genewy \u2013 Miros\u0142aw J. Bara\u0144ski<\/p>\n\n\n\n<p>G\u00d3RY I LUDZIE 48<br>\u015awi\u0119to polskich g\u00f3rali na rumu\u0144skiej Bukowinie \u2013 Stanis\u0142aw Figiel<\/p>\n\n\n\n<p>G\u00d3RY NAJBLI\u017bSZE 56<br>Dolina Za Bramk\u0105 \u2013 Wojciech Szatkowski, Muzeum Tatrza\u0144skie<\/p>\n\n\n\n<p>G\u00d3RY I ARCHEOLOGIA 62 Trzy dni w\u0119dr\u00f3wki do pracy, czyli o archeologii w Zachodnim Tienszanie \u2013<br>Ma\u0142gorzata Kot, Marcin Przyby\u0142a<\/p>\n\n\n\n<p>DZIEJE SI\u0118 NIE W G\u00d3RACH 74 Centralny O\u015brodek Turystyki G\u00f3rskiej PTTK na 29. Festiwalu G\u00f3rskim im. Andrzeja Zawady<br>w L\u0105dku Zdroju \u2013 Sebastian K\u0142osok<\/p>\n\n\n\n<p>W G\u00d3RY I KSI\u0104\u017bKI 78<br>Rombo recenzja i gar\u015b\u0107 refleksji o g\u00f3rach i geologii \u2013 Jacek P\u0142onczy\u0144ski<\/p>\n\n\n\n<p id=\"block-ca1e0259-66f8-4113-9f56-90cb9a31872b\">G\u00d3RSKI PRZEGL\u0104D WYDAWNICZY 84 <br>G\u00f3ra ksi\u0105\u017cek \u2013 Sebastian K\u0142osok<\/p>\n\n\n\n<p id=\"block-f0711521-69ca-4420-9775-06842148636e\"><\/p>\n\n\n\n<p><\/p>\n","protected":false},"excerpt":{"rendered":"<p>Od redakcji Mg\u0142a. Mg\u0142a w g\u00f3rach bywa z\u0142a. Wi\u0105\u017ce si\u0119 zazwyczaj ze z\u0142a pogod\u0105, deszczem, wilgoci\u0105, wiatrem. Ogranicza widoczno\u015b\u0107, zas\u0142ania pi\u0119kne panoramy, bardzo utrudnia orientacj\u0119 w terenie. Ale czasem mg\u0142a jest \u0142askawa, bywa pi\u0119kna, po prostu spektakularnie przewala si\u0119 przez grzbiet, snuje si\u0119 po lesie, unosi na \u0142\u0105k\u0105 i daje niesamowity spektakl wraz z tajemniczym [&hellip;]<\/p>\n","protected":false},"author":3,"featured_media":0,"parent":0,"menu_order":0,"comment_status":"closed","ping_status":"closed","template":"","meta":{"footnotes":""},"class_list":["post-849","page","type-page","status-publish","hentry"],"_links":{"self":[{"href":"https:\/\/gazetagorska.pttk.pl\/index.php\/wp-json\/wp\/v2\/pages\/849","targetHints":{"allow":["GET"]}}],"collection":[{"href":"https:\/\/gazetagorska.pttk.pl\/index.php\/wp-json\/wp\/v2\/pages"}],"about":[{"href":"https:\/\/gazetagorska.pttk.pl\/index.php\/wp-json\/wp\/v2\/types\/page"}],"author":[{"embeddable":true,"href":"https:\/\/gazetagorska.pttk.pl\/index.php\/wp-json\/wp\/v2\/users\/3"}],"replies":[{"embeddable":true,"href":"https:\/\/gazetagorska.pttk.pl\/index.php\/wp-json\/wp\/v2\/comments?post=849"}],"version-history":[{"count":1,"href":"https:\/\/gazetagorska.pttk.pl\/index.php\/wp-json\/wp\/v2\/pages\/849\/revisions"}],"predecessor-version":[{"id":851,"href":"https:\/\/gazetagorska.pttk.pl\/index.php\/wp-json\/wp\/v2\/pages\/849\/revisions\/851"}],"wp:attachment":[{"href":"https:\/\/gazetagorska.pttk.pl\/index.php\/wp-json\/wp\/v2\/media?parent=849"}],"curies":[{"name":"wp","href":"https:\/\/api.w.org\/{rel}","templated":true}]}}